{"id":987913,"date":"2025-06-03T01:51:14","date_gmt":"2025-06-03T01:51:14","guid":{"rendered":"https:\/\/camelia.com.vn\/?page_id=987913"},"modified":"2025-08-08T09:30:31","modified_gmt":"2025-08-08T09:30:31","slug":"customization","status":"publish","type":"page","link":"https:\/\/camelia.com.vn\/vi\/customization\/","title":{"rendered":"T\u00f9y ch\u1ec9nh"},"content":{"rendered":"<div data-elementor-type=\"wp-page\" data-elementor-id=\"987913\" class=\"elementor elementor-987913\" data-elementor-post-type=\"page\">\n\t\t\t\t<div class=\"elementor-element elementor-element-52a29d9 animated-fast e-con-full e-flex elementor-invisible e-con e-parent\" data-id=\"52a29d9\" data-element_type=\"container\" data-settings=\"{&quot;animation&quot;:&quot;fadeIn&quot;,&quot;animation_tablet&quot;:&quot;none&quot;,&quot;animation_delay&quot;:100}\">\n\t\t\t\t<div class=\"elementor-element elementor-element-de4eab2 elementor-widget elementor-widget-woocommerce-breadcrumb\" data-id=\"de4eab2\" data-element_type=\"widget\" data-widget_type=\"woocommerce-breadcrumb.default\">\n\t\t\t\t<div class=\"elementor-widget-container\">\n\t\t\t\t\t<nav class=\"woocommerce-breadcrumb\" aria-label=\"Breadcrumb\" data-no-translation=\"\" data-trp-gettext=\"\">Trang ch\u1ee7<\/nav>\t\t\t\t<\/div>\n\t\t\t\t<\/div>\n\t\t\t\t<\/div>\n\t\t<div class=\"elementor-element elementor-element-7a3b3a5 animated-fast e-flex e-con-boxed elementor-invisible e-con e-parent\" data-id=\"7a3b3a5\" data-element_type=\"container\" data-settings=\"{&quot;animation&quot;:&quot;fadeIn&quot;,&quot;animation_tablet&quot;:&quot;none&quot;,&quot;animation_delay&quot;:100}\">\n\t\t\t\t\t<div class=\"e-con-inner\">\n\t\t<div class=\"elementor-element elementor-element-4fd3e62 animated-fast e-flex e-con-boxed e-con e-child\" data-id=\"4fd3e62\" data-element_type=\"container\" data-settings=\"{&quot;background_background&quot;:&quot;classic&quot;,&quot;background_motion_fx_motion_fx_scrolling&quot;:&quot;yes&quot;,&quot;background_motion_fx_scale_effect&quot;:&quot;yes&quot;,&quot;background_motion_fx_scale_direction&quot;:&quot;in-out&quot;,&quot;background_motion_fx_scale_speed&quot;:{&quot;unit&quot;:&quot;px&quot;,&quot;size&quot;:2,&quot;sizes&quot;:[]},&quot;background_motion_fx_scale_range&quot;:{&quot;unit&quot;:&quot;%&quot;,&quot;size&quot;:&quot;&quot;,&quot;sizes&quot;:{&quot;start&quot;:0,&quot;end&quot;:80}},&quot;background_motion_fx_devices&quot;:[&quot;desktop&quot;],&quot;background_motion_fx_range&quot;:&quot;page&quot;,&quot;animation&quot;:&quot;none&quot;,&quot;animation_tablet&quot;:&quot;none&quot;,&quot;animation_delay&quot;:50}\">\n\t\t\t\t\t<div class=\"e-con-inner\">\n\t\t\t\t<div class=\"elementor-element elementor-element-85e2236 elementor-widget__width-initial elementor-invisible elementor-widget elementor-widget-heading\" data-id=\"85e2236\" data-element_type=\"widget\" data-settings=\"{&quot;_animation&quot;:&quot;fadeIn&quot;,&quot;_animation_tablet&quot;:&quot;none&quot;,&quot;_animation_delay&quot;:200}\" data-widget_type=\"heading.default\">\n\t\t\t\t<div class=\"elementor-widget-container\">\n\t\t\t\t\t<h1 class=\"elementor-heading-title elementor-size-default\">T\u00f9y ch\u1ec9nh<\/h1>\t\t\t\t<\/div>\n\t\t\t\t<\/div>\n\t\t\t\t\t<\/div>\n\t\t\t\t<\/div>\n\t\t\t\t\t<\/div>\n\t\t\t\t<\/div>\n\t\t<div class=\"elementor-element elementor-element-06c4438 e-flex e-con-boxed e-con e-parent\" data-id=\"06c4438\" data-element_type=\"container\">\n\t\t\t\t\t<div class=\"e-con-inner\">\n\t\t<div class=\"elementor-element elementor-element-03e144a e-flex e-con-boxed e-con e-child\" data-id=\"03e144a\" data-element_type=\"container\" data-settings=\"{&quot;background_background&quot;:&quot;classic&quot;}\">\n\t\t\t\t\t<div class=\"e-con-inner\">\n\t\t\t\t<div class=\"elementor-element elementor-element-a097f94 elementor-widget elementor-widget-heading\" data-id=\"a097f94\" data-element_type=\"widget\" data-widget_type=\"heading.default\">\n\t\t\t\t<div class=\"elementor-widget-container\">\n\t\t\t\t\t<h3 class=\"elementor-heading-title elementor-size-default\">Bi\u1ec3u M\u1eabu \u0110\u1eb7t H\u00e0ng Th\u00eau Theo Y\u00eau C\u1ea7u<\/h3>\t\t\t\t<\/div>\n\t\t\t\t<\/div>\n\t\t\t\t<div class=\"vamtam-has-theme-widget-styles elementor-element elementor-element-f6c9e8c elementor-button-align-center elementor-mobile-button-align-start vamtam-has-btn-hover-anim elementor-widget elementor-widget-form\" data-id=\"f6c9e8c\" data-element_type=\"widget\" data-settings=\"{&quot;step_next_label&quot;:&quot;Next&quot;,&quot;step_previous_label&quot;:&quot;Previous&quot;,&quot;button_width&quot;:&quot;100&quot;,&quot;step_type&quot;:&quot;number_text&quot;,&quot;step_icon_shape&quot;:&quot;circle&quot;}\" data-widget_type=\"form.default\">\n\t\t\t\t<div class=\"elementor-widget-container\">\n\t\t\t\t\t\t\t<form class=\"elementor-form\" method=\"post\" name=\"Contact Form\" action=\"\">\n\t\t\t<input type=\"hidden\" name=\"post_id\" value=\"987913\"\/>\n\t\t\t<input type=\"hidden\" name=\"form_id\" value=\"f6c9e8c\"\/>\n\t\t\t<input type=\"hidden\" name=\"referer_title\" value=\"\" \/>\n\n\t\t\t\n\t\t\t<div class=\"elementor-form-fields-wrapper elementor-labels-above\">\n\t\t\t\t\t\t\t\t<div class=\"elementor-field-type-text elementor-field-group elementor-column elementor-field-group-contact_form_email elementor-col-50 elementor-md-50 elementor-field-required\">\n\t\t\t\t\t\t\t\t\t\t\t\t<label for=\"form-field-contact_form_email\" class=\"elementor-field-label\">\n\t\t\t\t\t\t\t\t1. What item would you like to embroider? *\t\t\t\t\t\t\t<\/label>\n\t\t\t\t\t\t\t\t\t\t\t\t\t\t<input size=\"1\" type=\"text\" name=\"form_fields[contact_form_email]\" id=\"form-field-contact_form_email\" class=\"elementor-field elementor-size-xs  elementor-field-textual\" placeholder=\"(Kh\u0103n tr\u1ea3i b\u00e0n, b\u1ed9 kh\u0103n tr\u1ea3i gi\u01b0\u1eddng, ph\u1ee5 ki\u1ec7n...)\" required=\"required\">\n\t\t\t\t\t\t\t\t\t\t\t<\/div>\n\t\t\t\t\t\t\t\t<div class=\"elementor-field-type-upload elementor-field-group elementor-column elementor-field-group-field_b41cc70 elementor-col-50 elementor-md-50\">\n\t\t\t\t\t\t\t\t\t\t\t\t<label for=\"form-field-field_b41cc70\" class=\"elementor-field-label\">\n\t\t\t\t\t\t\t\t5. B\u1ea1n c\u00f3 h\u00ecnh \u1ea3nh\/h\u1ecda ti\u1ebft\/thi\u1ebft k\u1ebf n\u00e0o mu\u1ed1n th\u00eau k\u00e8m theo kh\u00f4ng?\t\t\t\t\t\t\t<\/label>\n\t\t\t\t\t\t\t\t<input type=\"file\" name=\"form_fields[field_b41cc70]\" id=\"form-field-field_b41cc70\" class=\"elementor-field elementor-size-xs  elementor-upload-field\">\n\n\t\t\t\t\t\t<\/div>\n\t\t\t\t\t\t\t\t<div class=\"elementor-field-type-text elementor-field-group elementor-column elementor-field-group-contact_form_tel elementor-col-50 elementor-md-50 elementor-field-required\">\n\t\t\t\t\t\t\t\t\t\t\t\t<label for=\"form-field-contact_form_tel\" class=\"elementor-field-label\">\n\t\t\t\t\t\t\t\t2. Preferred size (if any): *\t\t\t\t\t\t\t<\/label>\n\t\t\t\t\t\t\t\t\t\t\t\t\t\t<input size=\"1\" type=\"text\" name=\"form_fields[contact_form_tel]\" id=\"form-field-contact_form_tel\" class=\"elementor-field elementor-size-xs  elementor-field-textual\" placeholder=\"(V\u00ed d\u1ee5: Kh\u0103n cocktail 6 x 6\u201d, kh\u0103n \u0103n 20 x 20\u201d,...)\" required=\"required\">\n\t\t\t\t\t\t\t\t\t\t\t<\/div>\n\t\t\t\t\t\t\t\t<div class=\"elementor-field-type-text elementor-field-group elementor-column elementor-field-group-contact_form_name elementor-col-50 elementor-md-50\">\n\t\t\t\t\t\t\t\t\t\t\t\t<label for=\"form-field-contact_form_name\" class=\"elementor-field-label\">\n\t\t\t\t\t\t\t\t6. B\u1ea1n c\u00f3 y\u00eau c\u1ea7u \u0111\u1eb7c bi\u1ec7t ho\u1eb7c mong mu\u1ed1n v\u1ec1 phong c\u00e1ch kh\u00f4ng?\t\t\t\t\t\t\t<\/label>\n\t\t\t\t\t\t\t\t\t\t\t\t\t\t<input size=\"1\" type=\"text\" name=\"form_fields[contact_form_name]\" id=\"form-field-contact_form_name\" class=\"elementor-field elementor-size-xs  elementor-field-textual\" placeholder=\"(V\u00ed d\u1ee5: T\u1ed1i gi\u1ea3n, c\u1ed5 \u0111i\u1ec3n, d\u1ec5 th\u01b0\u01a1ng, hoa l\u00e1,...)\">\n\t\t\t\t\t\t\t\t\t\t\t<\/div>\n\t\t\t\t\t\t\t\t<div class=\"elementor-field-type-text elementor-field-group elementor-column elementor-field-group-contact_form_order_number elementor-col-50 elementor-md-50 elementor-field-required\">\n\t\t\t\t\t\t\t\t\t\t\t\t<label for=\"form-field-contact_form_order_number\" class=\"elementor-field-label\">\n\t\t\t\t\t\t\t\t3. What content would you like to have embroidered?*\t\t\t\t\t\t\t<\/label>\n\t\t\t\t\t\t\t\t\t\t\t\t\t\t<input size=\"1\" type=\"text\" name=\"form_fields[contact_form_order_number]\" id=\"form-field-contact_form_order_number\" class=\"elementor-field elementor-size-xs  elementor-field-textual\" placeholder=\"(V\u00ed d\u1ee5: T\u00ean, ch\u1eef c\u00e1i vi\u1ebft t\u1eaft, ng\u00e0y th\u00e1ng, c\u00e2u tr\u00edch d\u1eabn,...)\" required=\"required\">\n\t\t\t\t\t\t\t\t\t\t\t<\/div>\n\t\t\t\t\t\t\t\t<div class=\"elementor-field-type-text elementor-field-group elementor-column elementor-field-group-field_6328575 elementor-col-50 elementor-md-50\">\n\t\t\t\t\t\t\t\t\t\t\t\t<label for=\"form-field-field_6328575\" class=\"elementor-field-label\">\n\t\t\t\t\t\t\t\t7. Khi n\u00e0o b\u1ea1n c\u1ea7n nh\u1eadn s\u1ea3n ph\u1ea9m?\t\t\t\t\t\t\t<\/label>\n\t\t\t\t\t\t\t\t\t\t\t\t\t\t<input size=\"1\" type=\"text\" name=\"form_fields[field_6328575]\" id=\"form-field-field_6328575\" class=\"elementor-field elementor-size-xs  elementor-field-textual\" placeholder=\"(V\u00ed d\u1ee5: Tr\u01b0\u1edbc ng\u00e0y 20\/6, c\u00e0ng s\u1edbm c\u00e0ng t\u1ed1t,...)\">\n\t\t\t\t\t\t\t\t\t\t\t<\/div>\n\t\t\t\t\t\t\t\t<div class=\"elementor-field-type-text elementor-field-group elementor-column elementor-field-group-field_704488a elementor-col-50 elementor-md-50 elementor-field-required\">\n\t\t\t\t\t\t\t\t\t\t\t\t<label for=\"form-field-field_704488a\" class=\"elementor-field-label\">\n\t\t\t\t\t\t\t\t4. Preferred thread color(s): *\t\t\t\t\t\t\t<\/label>\n\t\t\t\t\t\t\t\t\t\t\t\t\t\t<input size=\"1\" type=\"text\" name=\"form_fields[field_704488a]\" id=\"form-field-field_704488a\" class=\"elementor-field elementor-size-xs  elementor-field-textual\" placeholder=\"(Vui l\u00f2ng t\u1ea3i l\u00ean ho\u1eb7c m\u00f4 t\u1ea3 chi ti\u1ebft)\" required=\"required\">\n\t\t\t\t\t\t\t\t\t\t\t<\/div>\n\t\t\t\t\t\t\t\t<div class=\"elementor-field-type-text elementor-field-group elementor-column elementor-field-group-field_4531373 elementor-col-50 elementor-md-50\">\n\t\t\t\t\t\t\t\t\t\t\t\t<label for=\"form-field-field_4531373\" class=\"elementor-field-label\">\n\t\t\t\t\t\t\t\t8. Ng\u00e0y b\u1ea1n mong mu\u1ed1n nh\u1eadn h\u00e0ng (n\u1ebfu c\u00f3):\t\t\t\t\t\t\t<\/label>\n\t\t\t\t\t\t\t\t\t\t\t\t\t\t<input size=\"1\" type=\"text\" name=\"form_fields[field_4531373]\" id=\"form-field-field_4531373\" class=\"elementor-field elementor-size-xs  elementor-field-textual\" placeholder=\"(Vui l\u00f2ng t\u1ea3i l\u00ean ho\u1eb7c m\u00f4 t\u1ea3 chi ti\u1ebft)\">\n\t\t\t\t\t\t\t\t\t\t\t<\/div>\n\t\t\t\t\t\t\t\t<div class=\"elementor-field-type-html elementor-field-group elementor-column elementor-field-group-field_42432eb elementor-col-100 elementor-md-100\">\n\t\t\t\t\t9. Th\u00f4ng tin li\u00ean h\u1ec7:\t\t\t\t<\/div>\n\t\t\t\t\t\t\t\t<div class=\"elementor-field-type-text elementor-field-group elementor-column elementor-field-group-field_cd128ec elementor-col-50 elementor-field-required\">\n\t\t\t\t\t\t\t\t\t\t\t\t\t<input size=\"1\" type=\"text\" name=\"form_fields[field_cd128ec]\" id=\"form-field-field_cd128ec\" class=\"elementor-field elementor-size-xs  elementor-field-textual\" placeholder=\"Full name: *\" required=\"required\">\n\t\t\t\t\t\t\t\t\t\t\t<\/div>\n\t\t\t\t\t\t\t\t<div class=\"elementor-field-type-tel elementor-field-group elementor-column elementor-field-group-field_0698781 elementor-col-50\">\n\t\t\t\t\t\t\t<input size=\"1\" type=\"tel\" name=\"form_fields[field_0698781]\" id=\"form-field-field_0698781\" class=\"elementor-field elementor-size-xs  elementor-field-textual\" placeholder=\"S\u1ed1 \u0111i\u1ec7n tho\u1ea1i:\" pattern=\"[0-9()#&amp;+*-=.]+\" title=\"Only numbers and phone characters (#, -, *, etc) are accepted.\">\n\n\t\t\t\t\t\t<\/div>\n\t\t\t\t\t\t\t\t<div class=\"elementor-field-type-email elementor-field-group elementor-column elementor-field-group-field_0d86ee1 elementor-col-50 elementor-field-required\">\n\t\t\t\t\t\t\t\t\t\t\t\t\t<input size=\"1\" type=\"email\" name=\"form_fields[field_0d86ee1]\" id=\"form-field-field_0d86ee1\" class=\"elementor-field elementor-size-xs  elementor-field-textual\" placeholder=\"Email address:*\" required=\"required\">\n\t\t\t\t\t\t\t\t\t\t\t<\/div>\n\t\t\t\t\t\t\t\t<div class=\"elementor-field-type-text elementor-field-group elementor-column elementor-field-group-field_76bffae elementor-col-50\">\n\t\t\t\t\t\t\t\t\t\t\t\t\t<input size=\"1\" type=\"text\" name=\"form_fields[field_76bffae]\" id=\"form-field-field_76bffae\" class=\"elementor-field elementor-size-xs  elementor-field-textual\" placeholder=\"\u0110\u1ecba ch\u1ec9 nh\u1eadn h\u00e0ng:\">\n\t\t\t\t\t\t\t\t\t\t\t<\/div>\n\t\t\t\t\t\t\t\t<div class=\"elementor-field-type-html elementor-field-group elementor-column elementor-field-group-field_0771675 elementor-col-100\">\n\t\t\t\t\t<em>Please complete all required fields (*) before submitting the form.<\/em>\t\t\t\t<\/div>\n\t\t\t\t\t\t\t\t<div class=\"elementor-field-group elementor-column elementor-field-type-submit elementor-col-100 e-form__buttons\">\n\t\t\t\t\t<button class=\"elementor-button elementor-size-xs\" type=\"submit\">\n\t\t\t\t\t\t<span class=\"elementor-button-content-wrapper\">\n\t\t\t\t\t\t\t\t\t\t\t\t\t\t\t<span class=\"elementor-button-icon\">\n\t\t\t\t\t\t\t\t\t<i aria-hidden=\"true\" class=\"vamtamtheme- vamtam-theme-dot\"><\/i>\t\t\t\t\t\t\t\t\t\t\t\t\t\t\t\t\t<\/span>\n\t\t\t\t\t\t\t\t\t\t\t\t\t\t\t\t\t\t\t\t\t\t<span class=\"elementor-button-text\">G\u1eecI NGAY<\/span>\n\t\t\t\t\t\t\t\t\t\t\t\t\t<\/span>\n\t\t\t\t\t<\/button>\n\t\t\t\t<\/div>\n\t\t\t<\/div>\n\t\t<input type=\"hidden\" name=\"trp-form-language\" value=\"vi\"\/><\/form>\n\t\t\t\t\t\t<\/div>\n\t\t\t\t<\/div>\n\t\t\t\t\t<\/div>\n\t\t\t\t<\/div>\n\t\t\t\t\t<\/div>\n\t\t\t\t<\/div>\n\t\t\t\t<\/div>","protected":false},"excerpt":{"rendered":"<p>Customization Customized Embroidery Order Form<\/p>","protected":false},"author":1,"featured_media":0,"parent":0,"menu_order":0,"comment_status":"closed","ping_status":"closed","template":"elementor_header_footer","meta":{"_acf_changed":false,"two_page_speed":[],"footnotes":""},"class_list":["post-987913","page","type-page","status-publish","hentry"],"acf":[],"_links":{"self":[{"href":"https:\/\/camelia.com.vn\/vi\/wp-json\/wp\/v2\/pages\/987913","targetHints":{"allow":["GET"]}}],"collection":[{"href":"https:\/\/camelia.com.vn\/vi\/wp-json\/wp\/v2\/pages"}],"about":[{"href":"https:\/\/camelia.com.vn\/vi\/wp-json\/wp\/v2\/types\/page"}],"author":[{"embeddable":true,"href":"https:\/\/camelia.com.vn\/vi\/wp-json\/wp\/v2\/users\/1"}],"replies":[{"embeddable":true,"href":"https:\/\/camelia.com.vn\/vi\/wp-json\/wp\/v2\/comments?post=987913"}],"version-history":[{"count":0,"href":"https:\/\/camelia.com.vn\/vi\/wp-json\/wp\/v2\/pages\/987913\/revisions"}],"wp:attachment":[{"href":"https:\/\/camelia.com.vn\/vi\/wp-json\/wp\/v2\/media?parent=987913"}],"curies":[{"name":"wp","href":"https:\/\/api.w.org\/{rel}","templated":true}]}}